{"id":1675,"date":"2024-07-10T14:22:52","date_gmt":"2024-07-10T12:22:52","guid":{"rendered":"https:\/\/csrhungary.eu\/csrblog\/?page_id=1675"},"modified":"2024-08-11T14:48:23","modified_gmt":"2024-08-11T12:48:23","slug":"csr-kepzes","status":"publish","type":"page","link":"https:\/\/csrhungary.eu\/csrblog\/csr-kepzes\/","title":{"rendered":"CSR K\u00e9pz\u00e9s"},"content":{"rendered":"\t\t<div data-elementor-type=\"wp-page\" data-elementor-id=\"1675\" class=\"elementor elementor-1675\" data-elementor-post-type=\"page\">\n\t\t\t\t\t\t<section class=\"elementor-section elementor-top-section elementor-element elementor-element-6e49763 elementor-section-boxed elementor-section-height-default elementor-section-height-default\" data-id=\"6e49763\" data-element_type=\"section\">\n\t\t\t\t\t\t<div class=\"elementor-container elementor-column-gap-default\">\n\t\t\t\t\t<div class=\"elementor-column elementor-col-100 elementor-top-column elementor-element elementor-element-0ace9f7\" data-id=\"0ace9f7\" data-element_type=\"column\">\n\t\t\t<div class=\"elementor-widget-wrap elementor-element-populated\">\n\t\t\t\t\t\t<div class=\"elementor-element elementor-element-62a1743 elementor-widget elementor-widget-text-editor\" data-id=\"62a1743\" data-element_type=\"widget\" data-widget_type=\"text-editor.default\">\n\t\t\t\t<div class=\"elementor-widget-container\">\n\t\t\t<style>\/*! elementor - v3.23.0 - 25-07-2024 *\/\n.elementor-widget-text-editor.elementor-drop-cap-view-stacked .elementor-drop-cap{background-color:#69727d;color:#fff}.elementor-widget-text-editor.elementor-drop-cap-view-framed .elementor-drop-cap{color:#69727d;border:3px solid;background-color:transparent}.elementor-widget-text-editor:not(.elementor-drop-cap-view-default) .elementor-drop-cap{margin-top:8px}.elementor-widget-text-editor:not(.elementor-drop-cap-view-default) .elementor-drop-cap-letter{width:1em;height:1em}.elementor-widget-text-editor .elementor-drop-cap{float:left;text-align:center;line-height:1;font-size:50px}.elementor-widget-text-editor .elementor-drop-cap-letter{display:inline-block}<\/style>\t\t\t\t<p>&#8222;<em>\u201cA c\u00e9geknek, v\u00e1llalkoz\u00e1soknak -szervezeteknek- egyre ink\u00e1bb a felel\u0151ss\u00e9gteljes \u00e9s fenntarthat\u00f3s\u00e1gi rendszer\u00fcket kell kialak\u00edtaniuk, hogy tov\u00e1bbra is versenyk\u00e9pesek maradjanak. \u00c9s eleget tegyenek az egyre ink\u00e1bb elv\u00e1rt h\u00e1tt\u00e9r szab\u00e1lyoz\u00f3 rendszereknek is. Kiv\u00e1lasztva k\u00f6z\u00fcl\u00fck azt, melyek a m\u00e9ret\u00fckh\u00f6z, profiljukhoz etc legink\u00e1bb haszn\u00e1lhat\u00f3.<\/em><\/p><p><em>Ehhez pedig k\u00e9pzett, szakmailag t\u00e1j\u00e9kozott, \u00e9s hozz\u00e1\u00e9rt\u0151 munkat\u00e1rs(ak) sz\u00fcks\u00e9ges(ek). Akik nem csak hat\u00e9konyan tudj\u00e1k kezelni CSR Programjaikat, hanem a kialak\u00edtott CSR rendszerrel \u2013 ami a c\u00e9g, a profitorient\u00e1lt szervezet m\u0171k\u00f6d\u00e9s\u00e9nek is a DNS-e \u2013 t\u00e1mogatj\u00e1k saj\u00e1t \u00fczleti strat\u00e9gi\u00e1jukat, m\u0171k\u00f6d\u00e9s\u00fcket. Mik\u00f6zben\u00a0 m\u0171k\u00f6d\u00e9s\u00fckkel tisztelik \u00e9rintettjeiket, term\u00e9szeti, kultur\u00e1lis \u00e9rt\u00e9keinket a helyi k\u00f6z\u00f6ss\u00e9geket. Felel\u0151ss\u00e9g \u00e9s fenntarthat\u00f3s\u00e1g egy\u00fctt!\u201d <\/em>Tak\u00e1cs J\u00falia, CEO &amp; Alap\u00edt\u00f3 (CSR Hungary \u00e9s CSR M\u00e1trix Consulting)<\/p>\t\t\t\t\t\t<\/div>\n\t\t\t\t<\/div>\n\t\t\t\t\t<\/div>\n\t\t<\/div>\n\t\t\t\t\t<\/div>\n\t\t<\/section>\n\t\t\t\t<section class=\"elementor-section elementor-top-section elementor-element elementor-element-eed2647 elementor-section-boxed elementor-section-height-default elementor-section-height-default\" data-id=\"eed2647\" data-element_type=\"section\">\n\t\t\t\t\t\t<div class=\"elementor-container elementor-column-gap-default\">\n\t\t\t\t\t<div class=\"elementor-column elementor-col-100 elementor-top-column elementor-element elementor-element-848724d\" data-id=\"848724d\" data-element_type=\"column\">\n\t\t\t<div class=\"elementor-widget-wrap elementor-element-populated\">\n\t\t\t\t\t\t<div class=\"elementor-element elementor-element-caef3c1 elementor-widget elementor-widget-spacer\" data-id=\"caef3c1\" data-element_type=\"widget\" data-widget_type=\"spacer.default\">\n\t\t\t\t<div class=\"elementor-widget-container\">\n\t\t\t<style>\/*! elementor - v3.23.0 - 25-07-2024 *\/\n.elementor-column .elementor-spacer-inner{height:var(--spacer-size)}.e-con{--container-widget-width:100%}.e-con-inner>.elementor-widget-spacer,.e-con>.elementor-widget-spacer{width:var(--container-widget-width,var(--spacer-size));--align-self:var(--container-widget-align-self,initial);--flex-shrink:0}.e-con-inner>.elementor-widget-spacer>.elementor-widget-container,.e-con>.elementor-widget-spacer>.elementor-widget-container{height:100%;width:100%}.e-con-inner>.elementor-widget-spacer>.elementor-widget-container>.elementor-spacer,.e-con>.elementor-widget-spacer>.elementor-widget-container>.elementor-spacer{height:100%}.e-con-inner>.elementor-widget-spacer>.elementor-widget-container>.elementor-spacer>.elementor-spacer-inner,.e-con>.elementor-widget-spacer>.elementor-widget-container>.elementor-spacer>.elementor-spacer-inner{height:var(--container-widget-height,var(--spacer-size))}.e-con-inner>.elementor-widget-spacer.elementor-widget-empty,.e-con>.elementor-widget-spacer.elementor-widget-empty{position:relative;min-height:22px;min-width:22px}.e-con-inner>.elementor-widget-spacer.elementor-widget-empty .elementor-widget-empty-icon,.e-con>.elementor-widget-spacer.elementor-widget-empty .elementor-widget-empty-icon{position:absolute;top:0;bottom:0;left:0;right:0;margin:auto;padding:0;width:22px;height:22px}<\/style>\t\t<div class=\"elementor-spacer\">\n\t\t\t<div class=\"elementor-spacer-inner\"><\/div>\n\t\t<\/div>\n\t\t\t\t<\/div>\n\t\t\t\t<\/div>\n\t\t\t\t\t<\/div>\n\t\t<\/div>\n\t\t\t\t\t<\/div>\n\t\t<\/section>\n\t\t\t\t<section class=\"elementor-section elementor-top-section elementor-element elementor-element-a32dcc6 elementor-section-boxed elementor-section-height-default elementor-section-height-default\" data-id=\"a32dcc6\" data-element_type=\"section\">\n\t\t\t\t\t\t<div class=\"elementor-container elementor-column-gap-default\">\n\t\t\t\t\t<div class=\"elementor-column elementor-col-100 elementor-top-column elementor-element elementor-element-9a6b80f\" data-id=\"9a6b80f\" data-element_type=\"column\">\n\t\t\t<div class=\"elementor-widget-wrap elementor-element-populated\">\n\t\t\t\t\t\t<div class=\"elementor-element elementor-element-e7caff9 elementor-widget elementor-widget-text-editor\" data-id=\"e7caff9\" data-element_type=\"widget\" data-widget_type=\"text-editor.default\">\n\t\t\t\t<div class=\"elementor-widget-container\">\n\t\t\t\t\t\t\t<p><strong>CSR NEXT V\u00c1LLALATI FENNTARTHAT\u00d3S\u00c1G \u00c9S K\u00c9PZ\u00c9SI PROGRAM<\/strong><\/p>\n<p><strong>Az ESG a CSR-ral kezd\u0151dik..-bevezet\u00e9s a v\u00e1llalati fenntarthat\u00f3s\u00e1g \u00e9s felel\u0151ss\u00e9g vil\u00e1g\u00e1ba<\/strong><\/p>\n<p>A CSR Next Ke\u0301pze\u0301si Program CSR\/va\u0301llalati fenntarthato\u0301sa\u0301g e\u0301s felelo\u030bsse\u0301g ke\u0301pze\u0301s az alapokto\u0301l a specifikus teru\u0308letekig.<\/p>\n<p><strong>Modulok: <\/strong><\/p>\n<ul>\n<li>CSR Menedzser k\u00e9pz\u00e9s<\/li>\n<li>CSR Koordin\u00e1tor k\u00e9pz\u00e9s<\/li>\n<li>ESG alapok<\/li>\n<li>ESG m\u00e9r\u00e9s \u00e9s jelent\u00e9s<\/li>\n<li>Fenntarthathat\u00f3s\u00e1g \u00e9s kommunik\u00e1ci\u00f3<\/li>\n<li>Stakeholder modell&#8230;<\/li>\n<li>CSRD, CSRDD, ESRS<br><br><\/li>\n<\/ul>\n<p>2010-t\u0151l az egyma\u0301sra e\u0301pu\u0308lo\u030b CSR ke\u0301pze\u0301si program kerete\u0301n belu\u0308l a re\u0301sztvevo\u030bk a CSR e\u0301s a fenntarthato\u0301sa\u0301g sza\u0301mos elme\u0301leti e\u0301s gyakorlati teru\u0308lete\u0301vel ismerkedhetnek meg. R\u00e1ad\u00e1sul e k\u00e9pz\u00e9s aktualit\u00e1s\u00e1t adja az is, hogy a CSR az ESG \u201eel\u0151szob\u00e1ja\u201d.<\/p>\n<p>K\u00fcl\u00f6n\u00f6sen aj\u00e1nlott az EU&nbsp; taxon\u00f3mi\u00e1ja, a megjelen\u0151 ESG t\u00f6rv\u00e9ny miatt az ESG-\u00e9rt felel\u0151s d\u00f6nt\u00e9shoz\u00f3knak, koordin\u00e1ci\u00f3\u00e9rt felel\u0151s koll\u00e9g\u00e1knak. \u00c9s a C\u00e9gen\/szervezeten bel\u00fcl ESG-hez adatokat szolg\u00e1ltat\u00f3 koll\u00e9g\u00e1k, ill a munkafolyamatban r\u00e9sztvev\u0151 koll\u00e9g\u00e1k sz\u00e1m\u00e1ra is aj\u00e1nlott!<\/p>\n<p>C\u00e9gen bel\u00fcli indoor megrendel\u00e9s is lehets\u00e9ges, k\u00fcl\u00f6n egyeztet\u00e9s szerint.<\/p>\n<p>Az aktu\u00e1lis k\u00e9pz\u00e9si modulokr\u00f3l folyamatosan t\u00e1j\u00e9koztatunk \u00e9s a r\u00e9szleteket nyilv\u00e1noss\u00e1 tessz\u00fck.<\/p>\n<p>Kor\u00e1bbiakr\u00f3l i<a href=\"https:\/\/csrhungary.eu\/csr-esemenyek\/\" target=\"_blank\" rel=\"noopener\">tt b\u00f6ng\u00e9szhetsz<\/a>!<\/p>\t\t\t\t\t\t<\/div>\n\t\t\t\t<\/div>\n\t\t\t\t\t<\/div>\n\t\t<\/div>\n\t\t\t\t\t<\/div>\n\t\t<\/section>\n\t\t\t\t<\/div>\n\t\t","protected":false},"excerpt":{"rendered":"<p>&#8222;\u201cA c\u00e9geknek, v\u00e1llalkoz\u00e1soknak -szervezeteknek- egyre ink\u00e1bb a felel\u0151ss\u00e9gteljes \u00e9s fenntarthat\u00f3s\u00e1gi rendszer\u00fcket kell kialak\u00edtaniuk, hogy tov\u00e1bbra is versenyk\u00e9pesek maradjanak. \u00c9s eleget tegyenek az egyre ink\u00e1bb elv\u00e1rt h\u00e1tt\u00e9r szab\u00e1lyoz\u00f3 rendszereknek is. Kiv\u00e1lasztva k\u00f6z\u00fcl\u00fck azt, melyek a m\u00e9ret\u00fckh\u00f6z, profiljukhoz etc legink\u00e1bb haszn\u00e1lhat\u00f3. Ehhez pedig k\u00e9pzett, szakmailag t\u00e1j\u00e9kozott, \u00e9s hozz\u00e1\u00e9rt\u0151 munkat\u00e1rs(ak) sz\u00fcks\u00e9ges(ek). Akik nem csak hat\u00e9konyan tudj\u00e1k kezelni CSR [&hellip;]<\/p>\n","protected":false},"author":1,"featured_media":0,"parent":0,"menu_order":0,"comment_status":"closed","ping_status":"closed","template":"","meta":{"footnotes":""},"class_list":["post-1675","page","type-page","status-publish","hentry"],"yoast_head":"<!-- This site is optimized with the Yoast SEO Premium plugin v23.1 (Yoast SEO v25.5) - https:\/\/yoast.com\/wordpress\/plugins\/seo\/ -->\n<title>CSR K\u00e9pz\u00e9s &#8226; CSR ir\u00e1nyt\u0171 (Tak\u00e1cs J\u00falia blogja)<\/title>\n<meta name=\"robots\" content=\"index, follow, max-snippet:-1, max-image-preview:large, max-video-preview:-1\" \/>\n<link rel=\"canonical\" href=\"https:\/\/csrhungary.eu\/csrblog\/csr-kepzes\/\" \/>\n<meta property=\"og:locale\" content=\"hu_HU\" \/>\n<meta property=\"og:type\" content=\"article\" \/>\n<meta property=\"og:title\" content=\"CSR K\u00e9pz\u00e9s &#8226; CSR ir\u00e1nyt\u0171 (Tak\u00e1cs J\u00falia blogja)\" \/>\n<meta property=\"og:description\" content=\"&#8222;\u201cA c\u00e9geknek, v\u00e1llalkoz\u00e1soknak -szervezeteknek- egyre ink\u00e1bb a felel\u0151ss\u00e9gteljes \u00e9s fenntarthat\u00f3s\u00e1gi rendszer\u00fcket kell kialak\u00edtaniuk, hogy tov\u00e1bbra is versenyk\u00e9pesek maradjanak. \u00c9s eleget tegyenek az egyre ink\u00e1bb elv\u00e1rt h\u00e1tt\u00e9r szab\u00e1lyoz\u00f3 rendszereknek is. Kiv\u00e1lasztva k\u00f6z\u00fcl\u00fck azt, melyek a m\u00e9ret\u00fckh\u00f6z, profiljukhoz etc legink\u00e1bb haszn\u00e1lhat\u00f3. Ehhez pedig k\u00e9pzett, szakmailag t\u00e1j\u00e9kozott, \u00e9s hozz\u00e1\u00e9rt\u0151 munkat\u00e1rs(ak) sz\u00fcks\u00e9ges(ek). Akik nem csak hat\u00e9konyan tudj\u00e1k kezelni CSR [&hellip;]\" \/>\n<meta property=\"og:url\" content=\"https:\/\/csrhungary.eu\/csrblog\/csr-kepzes\/\" \/>\n<meta property=\"og:site_name\" content=\"CSR ir\u00e1nyt\u0171 (Tak\u00e1cs J\u00falia blogja)\" \/>\n<meta property=\"article:modified_time\" content=\"2024-08-11T12:48:23+00:00\" \/>\n<meta property=\"og:image\" content=\"https:\/\/csrhungary.eu\/csrblog\/wp-content\/uploads\/2024\/07\/csrblog_share.jpg\" \/>\n\t<meta property=\"og:image:width\" content=\"1200\" \/>\n\t<meta property=\"og:image:height\" content=\"675\" \/>\n\t<meta property=\"og:image:type\" content=\"image\/jpeg\" \/>\n<meta name=\"twitter:card\" content=\"summary_large_image\" \/>\n<meta name=\"twitter:label1\" content=\"Becs\u00fclt olvas\u00e1si id\u0151\" \/>\n\t<meta name=\"twitter:data1\" content=\"2 perc\" \/>\n<script type=\"application\/ld+json\" class=\"yoast-schema-graph\">{\"@context\":\"https:\/\/schema.org\",\"@graph\":[{\"@type\":[\"Article\",\"BlogPosting\"],\"@id\":\"https:\/\/csrhungary.eu\/csrblog\/csr-kepzes\/#article\",\"isPartOf\":{\"@id\":\"https:\/\/csrhungary.eu\/csrblog\/csr-kepzes\/\"},\"author\":{\"name\":\"DellARTStudio\",\"@id\":\"https:\/\/csrhungary.eu\/csrblog\/#\/schema\/person\/7e269669e58fe66c7944c9f1f45d1480\"},\"headline\":\"CSR K\u00e9pz\u00e9s\",\"datePublished\":\"2024-07-10T12:22:52+00:00\",\"dateModified\":\"2024-08-11T12:48:23+00:00\",\"mainEntityOfPage\":{\"@id\":\"https:\/\/csrhungary.eu\/csrblog\/csr-kepzes\/\"},\"wordCount\":440,\"publisher\":{\"@id\":\"https:\/\/csrhungary.eu\/csrblog\/#organization\"},\"inLanguage\":\"hu\"},{\"@type\":\"WebPage\",\"@id\":\"https:\/\/csrhungary.eu\/csrblog\/csr-kepzes\/\",\"url\":\"https:\/\/csrhungary.eu\/csrblog\/csr-kepzes\/\",\"name\":\"CSR K\u00e9pz\u00e9s &#8226; CSR ir\u00e1nyt\u0171 (Tak\u00e1cs J\u00falia blogja)\",\"isPartOf\":{\"@id\":\"https:\/\/csrhungary.eu\/csrblog\/#website\"},\"datePublished\":\"2024-07-10T12:22:52+00:00\",\"dateModified\":\"2024-08-11T12:48:23+00:00\",\"breadcrumb\":{\"@id\":\"https:\/\/csrhungary.eu\/csrblog\/csr-kepzes\/#breadcrumb\"},\"inLanguage\":\"hu\",\"potentialAction\":[{\"@type\":\"ReadAction\",\"target\":[\"https:\/\/csrhungary.eu\/csrblog\/csr-kepzes\/\"]}]},{\"@type\":\"BreadcrumbList\",\"@id\":\"https:\/\/csrhungary.eu\/csrblog\/csr-kepzes\/#breadcrumb\",\"itemListElement\":[{\"@type\":\"ListItem\",\"position\":1,\"name\":\"Kezd\u0151lap\",\"item\":\"https:\/\/csrhungary.eu\/csrblog\/\"},{\"@type\":\"ListItem\",\"position\":2,\"name\":\"CSR K\u00e9pz\u00e9s\"}]},{\"@type\":\"WebSite\",\"@id\":\"https:\/\/csrhungary.eu\/csrblog\/#website\",\"url\":\"https:\/\/csrhungary.eu\/csrblog\/\",\"name\":\"CSR ir\u00e1nyt\u0171 (Tak\u00e1cs J\u00falia blogja)\",\"description\":\"m\u00e9rhet\u0151 felel\u0151ss\u00e9g gazdas\u00e1gi d\u00f6nt\u00e9shoz\u00f3knak\",\"publisher\":{\"@id\":\"https:\/\/csrhungary.eu\/csrblog\/#organization\"},\"potentialAction\":[{\"@type\":\"SearchAction\",\"target\":{\"@type\":\"EntryPoint\",\"urlTemplate\":\"https:\/\/csrhungary.eu\/csrblog\/?s={search_term_string}\"},\"query-input\":{\"@type\":\"PropertyValueSpecification\",\"valueRequired\":true,\"valueName\":\"search_term_string\"}}],\"inLanguage\":\"hu\"},{\"@type\":\"Organization\",\"@id\":\"https:\/\/csrhungary.eu\/csrblog\/#organization\",\"name\":\"CSR Blog - Tak\u00e1cs J\u00falia Blogja\",\"url\":\"https:\/\/csrhungary.eu\/csrblog\/\",\"logo\":{\"@type\":\"ImageObject\",\"inLanguage\":\"hu\",\"@id\":\"https:\/\/csrhungary.eu\/csrblog\/#\/schema\/logo\/image\/\",\"url\":\"https:\/\/csrhungary.eu\/csrblog\/wp-content\/uploads\/2024\/07\/csrblog_logo.png\",\"contentUrl\":\"https:\/\/csrhungary.eu\/csrblog\/wp-content\/uploads\/2024\/07\/csrblog_logo.png\",\"width\":2688,\"height\":753,\"caption\":\"CSR Blog - Tak\u00e1cs J\u00falia Blogja\"},\"image\":{\"@id\":\"https:\/\/csrhungary.eu\/csrblog\/#\/schema\/logo\/image\/\"}},{\"@type\":\"Person\",\"@id\":\"https:\/\/csrhungary.eu\/csrblog\/#\/schema\/person\/7e269669e58fe66c7944c9f1f45d1480\",\"name\":\"DellARTStudio\",\"image\":{\"@type\":\"ImageObject\",\"inLanguage\":\"hu\",\"@id\":\"https:\/\/csrhungary.eu\/csrblog\/#\/schema\/person\/image\/\",\"url\":\"https:\/\/secure.gravatar.com\/avatar\/695cd20ee5957c6777facc32078fa85cb7cdffedb5d2de1468632b484040f677?s=96&d=mm&r=g\",\"contentUrl\":\"https:\/\/secure.gravatar.com\/avatar\/695cd20ee5957c6777facc32078fa85cb7cdffedb5d2de1468632b484040f677?s=96&d=mm&r=g\",\"caption\":\"DellARTStudio\"},\"sameAs\":[\"https:\/\/csrhungary.eu\/csrblog\"],\"url\":\"https:\/\/csrhungary.eu\/csrblog\/author\/dellartstudio\/\"}]}<\/script>\n<!-- \/ Yoast SEO Premium plugin. -->","yoast_head_json":{"title":"CSR K\u00e9pz\u00e9s &#8226; CSR ir\u00e1nyt\u0171 (Tak\u00e1cs J\u00falia blogja)","robots":{"index":"index","follow":"follow","max-snippet":"max-snippet:-1","max-image-preview":"max-image-preview:large","max-video-preview":"max-video-preview:-1"},"canonical":"https:\/\/csrhungary.eu\/csrblog\/csr-kepzes\/","og_locale":"hu_HU","og_type":"article","og_title":"CSR K\u00e9pz\u00e9s &#8226; CSR ir\u00e1nyt\u0171 (Tak\u00e1cs J\u00falia blogja)","og_description":"&#8222;\u201cA c\u00e9geknek, v\u00e1llalkoz\u00e1soknak -szervezeteknek- egyre ink\u00e1bb a felel\u0151ss\u00e9gteljes \u00e9s fenntarthat\u00f3s\u00e1gi rendszer\u00fcket kell kialak\u00edtaniuk, hogy tov\u00e1bbra is versenyk\u00e9pesek maradjanak. \u00c9s eleget tegyenek az egyre ink\u00e1bb elv\u00e1rt h\u00e1tt\u00e9r szab\u00e1lyoz\u00f3 rendszereknek is. Kiv\u00e1lasztva k\u00f6z\u00fcl\u00fck azt, melyek a m\u00e9ret\u00fckh\u00f6z, profiljukhoz etc legink\u00e1bb haszn\u00e1lhat\u00f3. Ehhez pedig k\u00e9pzett, szakmailag t\u00e1j\u00e9kozott, \u00e9s hozz\u00e1\u00e9rt\u0151 munkat\u00e1rs(ak) sz\u00fcks\u00e9ges(ek). Akik nem csak hat\u00e9konyan tudj\u00e1k kezelni CSR [&hellip;]","og_url":"https:\/\/csrhungary.eu\/csrblog\/csr-kepzes\/","og_site_name":"CSR ir\u00e1nyt\u0171 (Tak\u00e1cs J\u00falia blogja)","article_modified_time":"2024-08-11T12:48:23+00:00","og_image":[{"width":1200,"height":675,"url":"https:\/\/csrhungary.eu\/csrblog\/wp-content\/uploads\/2024\/07\/csrblog_share.jpg","type":"image\/jpeg"}],"twitter_card":"summary_large_image","twitter_misc":{"Becs\u00fclt olvas\u00e1si id\u0151":"2 perc"},"schema":{"@context":"https:\/\/schema.org","@graph":[{"@type":["Article","BlogPosting"],"@id":"https:\/\/csrhungary.eu\/csrblog\/csr-kepzes\/#article","isPartOf":{"@id":"https:\/\/csrhungary.eu\/csrblog\/csr-kepzes\/"},"author":{"name":"DellARTStudio","@id":"https:\/\/csrhungary.eu\/csrblog\/#\/schema\/person\/7e269669e58fe66c7944c9f1f45d1480"},"headline":"CSR K\u00e9pz\u00e9s","datePublished":"2024-07-10T12:22:52+00:00","dateModified":"2024-08-11T12:48:23+00:00","mainEntityOfPage":{"@id":"https:\/\/csrhungary.eu\/csrblog\/csr-kepzes\/"},"wordCount":440,"publisher":{"@id":"https:\/\/csrhungary.eu\/csrblog\/#organization"},"inLanguage":"hu"},{"@type":"WebPage","@id":"https:\/\/csrhungary.eu\/csrblog\/csr-kepzes\/","url":"https:\/\/csrhungary.eu\/csrblog\/csr-kepzes\/","name":"CSR K\u00e9pz\u00e9s &#8226; CSR ir\u00e1nyt\u0171 (Tak\u00e1cs J\u00falia blogja)","isPartOf":{"@id":"https:\/\/csrhungary.eu\/csrblog\/#website"},"datePublished":"2024-07-10T12:22:52+00:00","dateModified":"2024-08-11T12:48:23+00:00","breadcrumb":{"@id":"https:\/\/csrhungary.eu\/csrblog\/csr-kepzes\/#breadcrumb"},"inLanguage":"hu","potentialAction":[{"@type":"ReadAction","target":["https:\/\/csrhungary.eu\/csrblog\/csr-kepzes\/"]}]},{"@type":"BreadcrumbList","@id":"https:\/\/csrhungary.eu\/csrblog\/csr-kepzes\/#breadcrumb","itemListElement":[{"@type":"ListItem","position":1,"name":"Kezd\u0151lap","item":"https:\/\/csrhungary.eu\/csrblog\/"},{"@type":"ListItem","position":2,"name":"CSR K\u00e9pz\u00e9s"}]},{"@type":"WebSite","@id":"https:\/\/csrhungary.eu\/csrblog\/#website","url":"https:\/\/csrhungary.eu\/csrblog\/","name":"CSR ir\u00e1nyt\u0171 (Tak\u00e1cs J\u00falia blogja)","description":"m\u00e9rhet\u0151 felel\u0151ss\u00e9g gazdas\u00e1gi d\u00f6nt\u00e9shoz\u00f3knak","publisher":{"@id":"https:\/\/csrhungary.eu\/csrblog\/#organization"},"potentialAction":[{"@type":"SearchAction","target":{"@type":"EntryPoint","urlTemplate":"https:\/\/csrhungary.eu\/csrblog\/?s={search_term_string}"},"query-input":{"@type":"PropertyValueSpecification","valueRequired":true,"valueName":"search_term_string"}}],"inLanguage":"hu"},{"@type":"Organization","@id":"https:\/\/csrhungary.eu\/csrblog\/#organization","name":"CSR Blog - Tak\u00e1cs J\u00falia Blogja","url":"https:\/\/csrhungary.eu\/csrblog\/","logo":{"@type":"ImageObject","inLanguage":"hu","@id":"https:\/\/csrhungary.eu\/csrblog\/#\/schema\/logo\/image\/","url":"https:\/\/csrhungary.eu\/csrblog\/wp-content\/uploads\/2024\/07\/csrblog_logo.png","contentUrl":"https:\/\/csrhungary.eu\/csrblog\/wp-content\/uploads\/2024\/07\/csrblog_logo.png","width":2688,"height":753,"caption":"CSR Blog - Tak\u00e1cs J\u00falia Blogja"},"image":{"@id":"https:\/\/csrhungary.eu\/csrblog\/#\/schema\/logo\/image\/"}},{"@type":"Person","@id":"https:\/\/csrhungary.eu\/csrblog\/#\/schema\/person\/7e269669e58fe66c7944c9f1f45d1480","name":"DellARTStudio","image":{"@type":"ImageObject","inLanguage":"hu","@id":"https:\/\/csrhungary.eu\/csrblog\/#\/schema\/person\/image\/","url":"https:\/\/secure.gravatar.com\/avatar\/695cd20ee5957c6777facc32078fa85cb7cdffedb5d2de1468632b484040f677?s=96&d=mm&r=g","contentUrl":"https:\/\/secure.gravatar.com\/avatar\/695cd20ee5957c6777facc32078fa85cb7cdffedb5d2de1468632b484040f677?s=96&d=mm&r=g","caption":"DellARTStudio"},"sameAs":["https:\/\/csrhungary.eu\/csrblog"],"url":"https:\/\/csrhungary.eu\/csrblog\/author\/dellartstudio\/"}]}},"_links":{"self":[{"href":"https:\/\/csrhungary.eu\/csrblog\/wp-json\/wp\/v2\/pages\/1675","targetHints":{"allow":["GET"]}}],"collection":[{"href":"https:\/\/csrhungary.eu\/csrblog\/wp-json\/wp\/v2\/pages"}],"about":[{"href":"https:\/\/csrhungary.eu\/csrblog\/wp-json\/wp\/v2\/types\/page"}],"author":[{"embeddable":true,"href":"https:\/\/csrhungary.eu\/csrblog\/wp-json\/wp\/v2\/users\/1"}],"replies":[{"embeddable":true,"href":"https:\/\/csrhungary.eu\/csrblog\/wp-json\/wp\/v2\/comments?post=1675"}],"version-history":[{"count":25,"href":"https:\/\/csrhungary.eu\/csrblog\/wp-json\/wp\/v2\/pages\/1675\/revisions"}],"predecessor-version":[{"id":2075,"href":"https:\/\/csrhungary.eu\/csrblog\/wp-json\/wp\/v2\/pages\/1675\/revisions\/2075"}],"wp:attachment":[{"href":"https:\/\/csrhungary.eu\/csrblog\/wp-json\/wp\/v2\/media?parent=1675"}],"curies":[{"name":"wp","href":"https:\/\/api.w.org\/{rel}","templated":true}]}}