{"id":1961,"date":"2024-07-26T13:21:46","date_gmt":"2024-07-26T11:21:46","guid":{"rendered":"https:\/\/csrhungary.eu\/csrblog\/?page_id=1961"},"modified":"2024-07-26T16:44:28","modified_gmt":"2024-07-26T14:44:28","slug":"konyv","status":"publish","type":"page","link":"https:\/\/csrhungary.eu\/csrblog\/konyv\/","title":{"rendered":"K\u00f6nyv"},"content":{"rendered":"\t\t<div data-elementor-type=\"wp-page\" data-elementor-id=\"1961\" class=\"elementor elementor-1961\" data-elementor-post-type=\"page\">\n\t\t\t\t\t\t<section class=\"elementor-section elementor-top-section elementor-element elementor-element-9e65ebd elementor-section-boxed elementor-section-height-default elementor-section-height-default\" data-id=\"9e65ebd\" data-element_type=\"section\">\n\t\t\t\t\t\t<div class=\"elementor-container elementor-column-gap-default\">\n\t\t\t\t\t<div class=\"elementor-column elementor-col-100 elementor-top-column elementor-element elementor-element-91f7093\" data-id=\"91f7093\" data-element_type=\"column\">\n\t\t\t<div class=\"elementor-widget-wrap elementor-element-populated\">\n\t\t\t\t\t\t<div class=\"elementor-element elementor-element-b8b092e elementor-widget elementor-widget-spacer\" data-id=\"b8b092e\" data-element_type=\"widget\" data-widget_type=\"spacer.default\">\n\t\t\t\t<div class=\"elementor-widget-container\">\n\t\t\t<style>\/*! elementor - v3.23.0 - 25-07-2024 *\/\n.elementor-column .elementor-spacer-inner{height:var(--spacer-size)}.e-con{--container-widget-width:100%}.e-con-inner>.elementor-widget-spacer,.e-con>.elementor-widget-spacer{width:var(--container-widget-width,var(--spacer-size));--align-self:var(--container-widget-align-self,initial);--flex-shrink:0}.e-con-inner>.elementor-widget-spacer>.elementor-widget-container,.e-con>.elementor-widget-spacer>.elementor-widget-container{height:100%;width:100%}.e-con-inner>.elementor-widget-spacer>.elementor-widget-container>.elementor-spacer,.e-con>.elementor-widget-spacer>.elementor-widget-container>.elementor-spacer{height:100%}.e-con-inner>.elementor-widget-spacer>.elementor-widget-container>.elementor-spacer>.elementor-spacer-inner,.e-con>.elementor-widget-spacer>.elementor-widget-container>.elementor-spacer>.elementor-spacer-inner{height:var(--container-widget-height,var(--spacer-size))}.e-con-inner>.elementor-widget-spacer.elementor-widget-empty,.e-con>.elementor-widget-spacer.elementor-widget-empty{position:relative;min-height:22px;min-width:22px}.e-con-inner>.elementor-widget-spacer.elementor-widget-empty .elementor-widget-empty-icon,.e-con>.elementor-widget-spacer.elementor-widget-empty .elementor-widget-empty-icon{position:absolute;top:0;bottom:0;left:0;right:0;margin:auto;padding:0;width:22px;height:22px}<\/style>\t\t<div class=\"elementor-spacer\">\n\t\t\t<div class=\"elementor-spacer-inner\"><\/div>\n\t\t<\/div>\n\t\t\t\t<\/div>\n\t\t\t\t<\/div>\n\t\t\t\t\t<\/div>\n\t\t<\/div>\n\t\t\t\t\t<\/div>\n\t\t<\/section>\n\t\t\t\t<section class=\"elementor-section elementor-top-section elementor-element elementor-element-c6ad578 elementor-section-boxed elementor-section-height-default elementor-section-height-default\" data-id=\"c6ad578\" data-element_type=\"section\">\n\t\t\t\t\t\t<div class=\"elementor-container elementor-column-gap-default\">\n\t\t\t\t\t<div class=\"elementor-column elementor-col-100 elementor-top-column elementor-element elementor-element-9553364\" data-id=\"9553364\" data-element_type=\"column\">\n\t\t\t<div class=\"elementor-widget-wrap elementor-element-populated\">\n\t\t\t\t\t\t<div class=\"elementor-element elementor-element-74f0b4b elementor-widget elementor-widget-text-editor\" data-id=\"74f0b4b\" data-element_type=\"widget\" data-widget_type=\"text-editor.default\">\n\t\t\t\t<div class=\"elementor-widget-container\">\n\t\t\t<style>\/*! elementor - v3.23.0 - 25-07-2024 *\/\n.elementor-widget-text-editor.elementor-drop-cap-view-stacked .elementor-drop-cap{background-color:#69727d;color:#fff}.elementor-widget-text-editor.elementor-drop-cap-view-framed .elementor-drop-cap{color:#69727d;border:3px solid;background-color:transparent}.elementor-widget-text-editor:not(.elementor-drop-cap-view-default) .elementor-drop-cap{margin-top:8px}.elementor-widget-text-editor:not(.elementor-drop-cap-view-default) .elementor-drop-cap-letter{width:1em;height:1em}.elementor-widget-text-editor .elementor-drop-cap{float:left;text-align:center;line-height:1;font-size:50px}.elementor-widget-text-editor .elementor-drop-cap-letter{display:inline-block}<\/style>\t\t\t\t<p>Hamarosan&#8230;<\/p>\t\t\t\t\t\t<\/div>\n\t\t\t\t<\/div>\n\t\t\t\t\t<\/div>\n\t\t<\/div>\n\t\t\t\t\t<\/div>\n\t\t<\/section>\n\t\t\t\t<\/div>\n\t\t","protected":false},"excerpt":{"rendered":"<p>Hamarosan&#8230;<\/p>\n","protected":false},"author":1,"featured_media":0,"parent":0,"menu_order":0,"comment_status":"closed","ping_status":"closed","template":"","meta":{"footnotes":""},"class_list":["post-1961","page","type-page","status-publish","hentry"],"yoast_head":"<!-- This site is optimized with the Yoast SEO Premium plugin v23.1 (Yoast SEO v25.5) - https:\/\/yoast.com\/wordpress\/plugins\/seo\/ -->\n<title>K\u00f6nyv &#8226; CSR ir\u00e1nyt\u0171 (Tak\u00e1cs J\u00falia blogja)<\/title>\n<meta name=\"robots\" content=\"index, follow, max-snippet:-1, max-image-preview:large, max-video-preview:-1\" \/>\n<link rel=\"canonical\" href=\"https:\/\/csrhungary.eu\/csrblog\/konyv\/\" \/>\n<meta property=\"og:locale\" content=\"hu_HU\" \/>\n<meta property=\"og:type\" content=\"article\" \/>\n<meta property=\"og:title\" content=\"K\u00f6nyv &#8226; CSR ir\u00e1nyt\u0171 (Tak\u00e1cs J\u00falia blogja)\" \/>\n<meta property=\"og:description\" content=\"Hamarosan&#8230;\" \/>\n<meta property=\"og:url\" content=\"https:\/\/csrhungary.eu\/csrblog\/konyv\/\" \/>\n<meta property=\"og:site_name\" content=\"CSR ir\u00e1nyt\u0171 (Tak\u00e1cs J\u00falia blogja)\" \/>\n<meta property=\"article:modified_time\" content=\"2024-07-26T14:44:28+00:00\" \/>\n<meta property=\"og:image\" content=\"https:\/\/csrhungary.eu\/csrblog\/wp-content\/uploads\/2024\/07\/csrblog_share.jpg\" \/>\n\t<meta property=\"og:image:width\" content=\"1200\" \/>\n\t<meta property=\"og:image:height\" content=\"675\" \/>\n\t<meta property=\"og:image:type\" content=\"image\/jpeg\" \/>\n<meta name=\"twitter:card\" content=\"summary_large_image\" \/>\n<script type=\"application\/ld+json\" class=\"yoast-schema-graph\">{\"@context\":\"https:\/\/schema.org\",\"@graph\":[{\"@type\":[\"Article\",\"BlogPosting\"],\"@id\":\"https:\/\/csrhungary.eu\/csrblog\/konyv\/#article\",\"isPartOf\":{\"@id\":\"https:\/\/csrhungary.eu\/csrblog\/konyv\/\"},\"author\":{\"name\":\"DellARTStudio\",\"@id\":\"https:\/\/csrhungary.eu\/csrblog\/#\/schema\/person\/7e269669e58fe66c7944c9f1f45d1480\"},\"headline\":\"K\u00f6nyv\",\"datePublished\":\"2024-07-26T11:21:46+00:00\",\"dateModified\":\"2024-07-26T14:44:28+00:00\",\"mainEntityOfPage\":{\"@id\":\"https:\/\/csrhungary.eu\/csrblog\/konyv\/\"},\"wordCount\":3,\"publisher\":{\"@id\":\"https:\/\/csrhungary.eu\/csrblog\/#organization\"},\"inLanguage\":\"hu\"},{\"@type\":\"WebPage\",\"@id\":\"https:\/\/csrhungary.eu\/csrblog\/konyv\/\",\"url\":\"https:\/\/csrhungary.eu\/csrblog\/konyv\/\",\"name\":\"K\u00f6nyv &#8226; CSR ir\u00e1nyt\u0171 (Tak\u00e1cs J\u00falia blogja)\",\"isPartOf\":{\"@id\":\"https:\/\/csrhungary.eu\/csrblog\/#website\"},\"datePublished\":\"2024-07-26T11:21:46+00:00\",\"dateModified\":\"2024-07-26T14:44:28+00:00\",\"breadcrumb\":{\"@id\":\"https:\/\/csrhungary.eu\/csrblog\/konyv\/#breadcrumb\"},\"inLanguage\":\"hu\",\"potentialAction\":[{\"@type\":\"ReadAction\",\"target\":[\"https:\/\/csrhungary.eu\/csrblog\/konyv\/\"]}]},{\"@type\":\"BreadcrumbList\",\"@id\":\"https:\/\/csrhungary.eu\/csrblog\/konyv\/#breadcrumb\",\"itemListElement\":[{\"@type\":\"ListItem\",\"position\":1,\"name\":\"Kezd\u0151lap\",\"item\":\"https:\/\/csrhungary.eu\/csrblog\/\"},{\"@type\":\"ListItem\",\"position\":2,\"name\":\"K\u00f6nyv\"}]},{\"@type\":\"WebSite\",\"@id\":\"https:\/\/csrhungary.eu\/csrblog\/#website\",\"url\":\"https:\/\/csrhungary.eu\/csrblog\/\",\"name\":\"CSR ir\u00e1nyt\u0171 (Tak\u00e1cs J\u00falia blogja)\",\"description\":\"m\u00e9rhet\u0151 felel\u0151ss\u00e9g gazdas\u00e1gi d\u00f6nt\u00e9shoz\u00f3knak\",\"publisher\":{\"@id\":\"https:\/\/csrhungary.eu\/csrblog\/#organization\"},\"potentialAction\":[{\"@type\":\"SearchAction\",\"target\":{\"@type\":\"EntryPoint\",\"urlTemplate\":\"https:\/\/csrhungary.eu\/csrblog\/?s={search_term_string}\"},\"query-input\":{\"@type\":\"PropertyValueSpecification\",\"valueRequired\":true,\"valueName\":\"search_term_string\"}}],\"inLanguage\":\"hu\"},{\"@type\":\"Organization\",\"@id\":\"https:\/\/csrhungary.eu\/csrblog\/#organization\",\"name\":\"CSR Blog - Tak\u00e1cs J\u00falia Blogja\",\"url\":\"https:\/\/csrhungary.eu\/csrblog\/\",\"logo\":{\"@type\":\"ImageObject\",\"inLanguage\":\"hu\",\"@id\":\"https:\/\/csrhungary.eu\/csrblog\/#\/schema\/logo\/image\/\",\"url\":\"https:\/\/csrhungary.eu\/csrblog\/wp-content\/uploads\/2024\/07\/csrblog_logo.png\",\"contentUrl\":\"https:\/\/csrhungary.eu\/csrblog\/wp-content\/uploads\/2024\/07\/csrblog_logo.png\",\"width\":2688,\"height\":753,\"caption\":\"CSR Blog - Tak\u00e1cs J\u00falia Blogja\"},\"image\":{\"@id\":\"https:\/\/csrhungary.eu\/csrblog\/#\/schema\/logo\/image\/\"}},{\"@type\":\"Person\",\"@id\":\"https:\/\/csrhungary.eu\/csrblog\/#\/schema\/person\/7e269669e58fe66c7944c9f1f45d1480\",\"name\":\"DellARTStudio\",\"image\":{\"@type\":\"ImageObject\",\"inLanguage\":\"hu\",\"@id\":\"https:\/\/csrhungary.eu\/csrblog\/#\/schema\/person\/image\/\",\"url\":\"https:\/\/secure.gravatar.com\/avatar\/695cd20ee5957c6777facc32078fa85cb7cdffedb5d2de1468632b484040f677?s=96&d=mm&r=g\",\"contentUrl\":\"https:\/\/secure.gravatar.com\/avatar\/695cd20ee5957c6777facc32078fa85cb7cdffedb5d2de1468632b484040f677?s=96&d=mm&r=g\",\"caption\":\"DellARTStudio\"},\"sameAs\":[\"https:\/\/csrhungary.eu\/csrblog\"],\"url\":\"https:\/\/csrhungary.eu\/csrblog\/author\/dellartstudio\/\"}]}<\/script>\n<!-- \/ Yoast SEO Premium plugin. -->","yoast_head_json":{"title":"K\u00f6nyv &#8226; CSR ir\u00e1nyt\u0171 (Tak\u00e1cs J\u00falia blogja)","robots":{"index":"index","follow":"follow","max-snippet":"max-snippet:-1","max-image-preview":"max-image-preview:large","max-video-preview":"max-video-preview:-1"},"canonical":"https:\/\/csrhungary.eu\/csrblog\/konyv\/","og_locale":"hu_HU","og_type":"article","og_title":"K\u00f6nyv &#8226; CSR ir\u00e1nyt\u0171 (Tak\u00e1cs J\u00falia blogja)","og_description":"Hamarosan&#8230;","og_url":"https:\/\/csrhungary.eu\/csrblog\/konyv\/","og_site_name":"CSR ir\u00e1nyt\u0171 (Tak\u00e1cs J\u00falia blogja)","article_modified_time":"2024-07-26T14:44:28+00:00","og_image":[{"width":1200,"height":675,"url":"https:\/\/csrhungary.eu\/csrblog\/wp-content\/uploads\/2024\/07\/csrblog_share.jpg","type":"image\/jpeg"}],"twitter_card":"summary_large_image","schema":{"@context":"https:\/\/schema.org","@graph":[{"@type":["Article","BlogPosting"],"@id":"https:\/\/csrhungary.eu\/csrblog\/konyv\/#article","isPartOf":{"@id":"https:\/\/csrhungary.eu\/csrblog\/konyv\/"},"author":{"name":"DellARTStudio","@id":"https:\/\/csrhungary.eu\/csrblog\/#\/schema\/person\/7e269669e58fe66c7944c9f1f45d1480"},"headline":"K\u00f6nyv","datePublished":"2024-07-26T11:21:46+00:00","dateModified":"2024-07-26T14:44:28+00:00","mainEntityOfPage":{"@id":"https:\/\/csrhungary.eu\/csrblog\/konyv\/"},"wordCount":3,"publisher":{"@id":"https:\/\/csrhungary.eu\/csrblog\/#organization"},"inLanguage":"hu"},{"@type":"WebPage","@id":"https:\/\/csrhungary.eu\/csrblog\/konyv\/","url":"https:\/\/csrhungary.eu\/csrblog\/konyv\/","name":"K\u00f6nyv &#8226; CSR ir\u00e1nyt\u0171 (Tak\u00e1cs J\u00falia blogja)","isPartOf":{"@id":"https:\/\/csrhungary.eu\/csrblog\/#website"},"datePublished":"2024-07-26T11:21:46+00:00","dateModified":"2024-07-26T14:44:28+00:00","breadcrumb":{"@id":"https:\/\/csrhungary.eu\/csrblog\/konyv\/#breadcrumb"},"inLanguage":"hu","potentialAction":[{"@type":"ReadAction","target":["https:\/\/csrhungary.eu\/csrblog\/konyv\/"]}]},{"@type":"BreadcrumbList","@id":"https:\/\/csrhungary.eu\/csrblog\/konyv\/#breadcrumb","itemListElement":[{"@type":"ListItem","position":1,"name":"Kezd\u0151lap","item":"https:\/\/csrhungary.eu\/csrblog\/"},{"@type":"ListItem","position":2,"name":"K\u00f6nyv"}]},{"@type":"WebSite","@id":"https:\/\/csrhungary.eu\/csrblog\/#website","url":"https:\/\/csrhungary.eu\/csrblog\/","name":"CSR ir\u00e1nyt\u0171 (Tak\u00e1cs J\u00falia blogja)","description":"m\u00e9rhet\u0151 felel\u0151ss\u00e9g gazdas\u00e1gi d\u00f6nt\u00e9shoz\u00f3knak","publisher":{"@id":"https:\/\/csrhungary.eu\/csrblog\/#organization"},"potentialAction":[{"@type":"SearchAction","target":{"@type":"EntryPoint","urlTemplate":"https:\/\/csrhungary.eu\/csrblog\/?s={search_term_string}"},"query-input":{"@type":"PropertyValueSpecification","valueRequired":true,"valueName":"search_term_string"}}],"inLanguage":"hu"},{"@type":"Organization","@id":"https:\/\/csrhungary.eu\/csrblog\/#organization","name":"CSR Blog - Tak\u00e1cs J\u00falia Blogja","url":"https:\/\/csrhungary.eu\/csrblog\/","logo":{"@type":"ImageObject","inLanguage":"hu","@id":"https:\/\/csrhungary.eu\/csrblog\/#\/schema\/logo\/image\/","url":"https:\/\/csrhungary.eu\/csrblog\/wp-content\/uploads\/2024\/07\/csrblog_logo.png","contentUrl":"https:\/\/csrhungary.eu\/csrblog\/wp-content\/uploads\/2024\/07\/csrblog_logo.png","width":2688,"height":753,"caption":"CSR Blog - Tak\u00e1cs J\u00falia Blogja"},"image":{"@id":"https:\/\/csrhungary.eu\/csrblog\/#\/schema\/logo\/image\/"}},{"@type":"Person","@id":"https:\/\/csrhungary.eu\/csrblog\/#\/schema\/person\/7e269669e58fe66c7944c9f1f45d1480","name":"DellARTStudio","image":{"@type":"ImageObject","inLanguage":"hu","@id":"https:\/\/csrhungary.eu\/csrblog\/#\/schema\/person\/image\/","url":"https:\/\/secure.gravatar.com\/avatar\/695cd20ee5957c6777facc32078fa85cb7cdffedb5d2de1468632b484040f677?s=96&d=mm&r=g","contentUrl":"https:\/\/secure.gravatar.com\/avatar\/695cd20ee5957c6777facc32078fa85cb7cdffedb5d2de1468632b484040f677?s=96&d=mm&r=g","caption":"DellARTStudio"},"sameAs":["https:\/\/csrhungary.eu\/csrblog"],"url":"https:\/\/csrhungary.eu\/csrblog\/author\/dellartstudio\/"}]}},"_links":{"self":[{"href":"https:\/\/csrhungary.eu\/csrblog\/wp-json\/wp\/v2\/pages\/1961","targetHints":{"allow":["GET"]}}],"collection":[{"href":"https:\/\/csrhungary.eu\/csrblog\/wp-json\/wp\/v2\/pages"}],"about":[{"href":"https:\/\/csrhungary.eu\/csrblog\/wp-json\/wp\/v2\/types\/page"}],"author":[{"embeddable":true,"href":"https:\/\/csrhungary.eu\/csrblog\/wp-json\/wp\/v2\/users\/1"}],"replies":[{"embeddable":true,"href":"https:\/\/csrhungary.eu\/csrblog\/wp-json\/wp\/v2\/comments?post=1961"}],"version-history":[{"count":4,"href":"https:\/\/csrhungary.eu\/csrblog\/wp-json\/wp\/v2\/pages\/1961\/revisions"}],"predecessor-version":[{"id":1992,"href":"https:\/\/csrhungary.eu\/csrblog\/wp-json\/wp\/v2\/pages\/1961\/revisions\/1992"}],"wp:attachment":[{"href":"https:\/\/csrhungary.eu\/csrblog\/wp-json\/wp\/v2\/media?parent=1961"}],"curies":[{"name":"wp","href":"https:\/\/api.w.org\/{rel}","templated":true}]}}